{"id":45,"date":"2025-06-24T12:02:05","date_gmt":"2025-06-24T12:02:05","guid":{"rendered":"https:\/\/ddreisdedetizadora.com.br\/?page_id=45"},"modified":"2025-06-26T22:09:06","modified_gmt":"2025-06-26T22:09:06","slug":"sobre","status":"publish","type":"page","link":"https:\/\/ddreisdedetizadora.com.br\/home\/sobre\/","title":{"rendered":"Sobre"},"content":{"rendered":"\t\t<div data-elementor-type=\"wp-page\" data-elementor-id=\"45\" class=\"elementor elementor-45\">\n\t\t\t\t<div class=\"elementor-element elementor-element-1f06608 e-flex e-con-boxed e-con e-parent\" data-id=\"1f06608\" data-element_type=\"container\">\n\t\t\t\t\t<div class=\"e-con-inner\">\n\t\t\t\t<div class=\"elementor-element elementor-element-876943e elementor-widget elementor-widget-heading\" data-id=\"876943e\" data-element_type=\"widget\" data-widget_type=\"heading.default\">\n\t\t\t\t<div class=\"elementor-widget-container\">\n\t\t\t\t\t<h2 class=\"elementor-heading-title elementor-size-default\">Nossa Hist\u00f3ria:<\/h2>\t\t\t\t<\/div>\n\t\t\t\t<\/div>\n\t\t\t\t<div class=\"elementor-element elementor-element-700c034 elementor-widget elementor-widget-text-editor\" data-id=\"700c034\" data-element_type=\"widget\" data-widget_type=\"text-editor.default\">\n\t\t\t\t<div class=\"elementor-widget-container\">\n\t\t\t\t\t\t\t\t\t<p>A empresa DDREIS teve na sua funda\u00e7\u00e3o a vontade do seu idealizador de oferecer servi\u00e7o de controle de pragas urbanas com excel\u00eancia .<br \/>Nesses 20 anos na \u00e1rea de controle de pragas, acompanhando a evolu\u00e7\u00e3o do setor, quer seja em lan\u00e7amentos produtos qu\u00edmico novos, equipamentos modernos para melhor aproveitamento da aplica\u00e7\u00e3o.<br \/>Traz aos nossos clientes o nosso lema \u201cA maior \u00e1rea de aplica\u00e7\u00e3o, sem prejudicar o cliente\u201d<br \/>Traduzindo cada servi\u00e7o tem sua particularidade, que deve ser observada para seguran\u00e7a do cliente, adentramos lares com crian\u00e7as, idosos, al\u00e9rgicos, pets, com suas particularidades de seguran\u00e7a.<br \/>A cada servi\u00e7o realizado um cliente satisfeito, nos traz uma satisfa\u00e7\u00e3o daquilo que levamos e executamos nos lares.<br \/>O setor de presta\u00e7\u00e3o de servi\u00e7o esta em constante mudan\u00e7a e nos queremos acompanhar essa evolu\u00e7\u00e3o, e levar toda essa novidade para nossos\u00a0clientes.<\/p>\t\t\t\t\t\t\t\t<\/div>\n\t\t\t\t<\/div>\n\t\t\t\t\t<\/div>\n\t\t\t\t<\/div>\n\t\t\t\t<\/div>\n\t\t","protected":false},"excerpt":{"rendered":"<p>Nossa Hist\u00f3ria: A empresa DDREIS teve na sua funda\u00e7\u00e3o a vontade do seu idealizador de oferecer servi\u00e7o de controle de pragas urbanas com excel\u00eancia .Nesses 20 anos na \u00e1rea de controle de pragas, acompanhando a evolu\u00e7\u00e3o do setor, quer seja em lan\u00e7amentos produtos qu\u00edmico novos, equipamentos modernos para melhor aproveitamento da aplica\u00e7\u00e3o.Traz aos nossos clientes [&hellip;]<\/p>\n","protected":false},"author":1,"featured_media":0,"parent":0,"menu_order":0,"comment_status":"closed","ping_status":"closed","template":"elementor_header_footer","meta":{"footnotes":""},"class_list":["post-45","page","type-page","status-publish","hentry"],"amp_enabled":false,"_links":{"self":[{"href":"https:\/\/ddreisdedetizadora.com.br\/home\/wp-json\/wp\/v2\/pages\/45","targetHints":{"allow":["GET"]}}],"collection":[{"href":"https:\/\/ddreisdedetizadora.com.br\/home\/wp-json\/wp\/v2\/pages"}],"about":[{"href":"https:\/\/ddreisdedetizadora.com.br\/home\/wp-json\/wp\/v2\/types\/page"}],"author":[{"embeddable":true,"href":"https:\/\/ddreisdedetizadora.com.br\/home\/wp-json\/wp\/v2\/users\/1"}],"replies":[{"embeddable":true,"href":"https:\/\/ddreisdedetizadora.com.br\/home\/wp-json\/wp\/v2\/comments?post=45"}],"version-history":[{"count":7,"href":"https:\/\/ddreisdedetizadora.com.br\/home\/wp-json\/wp\/v2\/pages\/45\/revisions"}],"predecessor-version":[{"id":184,"href":"https:\/\/ddreisdedetizadora.com.br\/home\/wp-json\/wp\/v2\/pages\/45\/revisions\/184"}],"wp:attachment":[{"href":"https:\/\/ddreisdedetizadora.com.br\/home\/wp-json\/wp\/v2\/media?parent=45"}],"curies":[{"name":"wp","href":"https:\/\/api.w.org\/{rel}","templated":true}]}}