{"id":47,"date":"2025-06-24T12:02:13","date_gmt":"2025-06-24T12:02:13","guid":{"rendered":"https:\/\/ddreisdedetizadora.com.br\/?page_id=47"},"modified":"2025-06-25T13:58:59","modified_gmt":"2025-06-25T13:58:59","slug":"servicos","status":"publish","type":"page","link":"https:\/\/ddreisdedetizadora.com.br\/home\/servicos\/","title":{"rendered":"Servi\u00e7os"},"content":{"rendered":"\t\t<div data-elementor-type=\"wp-page\" data-elementor-id=\"47\" class=\"elementor elementor-47\">\n\t\t\t\t<div class=\"elementor-element elementor-element-38d9da6 e-flex e-con-boxed e-con e-parent\" data-id=\"38d9da6\" data-element_type=\"container\" data-settings=\"{&quot;background_background&quot;:&quot;classic&quot;}\">\n\t\t\t\t\t<div class=\"e-con-inner\">\n\t\t\t\t<div class=\"elementor-element elementor-element-73ffc5c elementor-widget elementor-widget-heading\" data-id=\"73ffc5c\" data-element_type=\"widget\" data-widget_type=\"heading.default\">\n\t\t\t\t<div class=\"elementor-widget-container\">\n\t\t\t\t\t<h2 class=\"elementor-heading-title elementor-size-default\">Dedetiza\u00e7\u00e3o e nossos servi\u00e7os:<\/h2>\t\t\t\t<\/div>\n\t\t\t\t<\/div>\n\t\t\t\t<div class=\"elementor-element elementor-element-979f0fc elementor-widget elementor-widget-text-editor\" data-id=\"979f0fc\" data-element_type=\"widget\" data-widget_type=\"text-editor.default\">\n\t\t\t\t<div class=\"elementor-widget-container\">\n\t\t\t\t\t\t\t\t\t<p data-start=\"161\" data-end=\"496\"><strong>Na DDReis Dedetiza\u00e7\u00f5es, oferecemos solu\u00e7\u00f5es completas e seguras para o controle de pragas que amea\u00e7am a sa\u00fade e o conforto do seu ambiente. Com uma equipe especializada e produtos certificados, garantimos a elimina\u00e7\u00e3o eficaz de insetos, roedores e outras pragas urbanas, protegendo sua casa ou empresa com responsabilidade e qualidade.<\/strong><\/p><p data-start=\"498\" data-end=\"774\"><strong>Nossa miss\u00e3o \u00e9 proporcionar tranquilidade e bem-estar aos nossos clientes, utilizando t\u00e9cnicas modernas e sustent\u00e1veis, sempre respeitando o meio ambiente. Conte com a DDReis para manter seu espa\u00e7o livre de inc\u00f4modos e riscos, com atendimento r\u00e1pido, transparente e eficiente.<\/strong><\/p>\t\t\t\t\t\t\t\t<\/div>\n\t\t\t\t<\/div>\n\t\t\t\t<div class=\"elementor-element elementor-element-f41ba7e elementor-widget elementor-widget-button\" data-id=\"f41ba7e\" data-element_type=\"widget\" data-widget_type=\"button.default\">\n\t\t\t\t<div class=\"elementor-widget-container\">\n\t\t\t\t\t\t\t\t\t<div class=\"elementor-button-wrapper\">\n\t\t\t\t\t<a class=\"elementor-button elementor-button-link elementor-size-sm elementor-animation-grow\" href=\"http:\/\/wa.me\/5515996618326\" target=\"_blank\">\n\t\t\t\t\t\t<span class=\"elementor-button-content-wrapper\">\n\t\t\t\t\t\t\t\t\t<span class=\"elementor-button-text\">Or\u00e7amento<\/span>\n\t\t\t\t\t<\/span>\n\t\t\t\t\t<\/a>\n\t\t\t\t<\/div>\n\t\t\t\t\t\t\t\t<\/div>\n\t\t\t\t<\/div>\n\t\t\t\t\t<\/div>\n\t\t\t\t<\/div>\n\t\t<div class=\"elementor-element elementor-element-2c5a118 e-flex e-con-boxed e-con e-parent\" data-id=\"2c5a118\" data-element_type=\"container\">\n\t\t\t\t\t<div class=\"e-con-inner\">\n\t\t\t\t<div class=\"elementor-element elementor-element-7989d57 elementor-arrows-position-inside elementor-pagination-position-outside elementor-widget elementor-widget-image-carousel\" data-id=\"7989d57\" data-element_type=\"widget\" data-settings=\"{&quot;slides_to_show&quot;:&quot;3&quot;,&quot;navigation&quot;:&quot;both&quot;,&quot;autoplay&quot;:&quot;yes&quot;,&quot;pause_on_hover&quot;:&quot;yes&quot;,&quot;pause_on_interaction&quot;:&quot;yes&quot;,&quot;autoplay_speed&quot;:5000,&quot;infinite&quot;:&quot;yes&quot;,&quot;speed&quot;:500}\" data-widget_type=\"image-carousel.default\">\n\t\t\t\t<div class=\"elementor-widget-container\">\n\t\t\t\t\t\t\t<div class=\"elementor-image-carousel-wrapper swiper\" role=\"region\" aria-roledescription=\"carousel\" aria-label=\"Carrossel de imagens\" dir=\"ltr\">\n\t\t\t<div class=\"elementor-image-carousel swiper-wrapper\" aria-live=\"off\">\n\t\t\t\t\t\t\t\t<div class=\"swiper-slide\" role=\"group\" aria-roledescription=\"slide\" aria-label=\"1 de 5\"><figure class=\"swiper-slide-inner\"><img decoding=\"async\" class=\"swiper-slide-image\" src=\"https:\/\/ddreisdedetizadora.com.br\/wp-content\/uploads\/2025\/06\/UuwipGQcCPAUjKuQSonWXe7bBdJXv86jYdsYdEXS-150x150.jpeg\" alt=\"Dedetiza\u00e7\u00e3o Eliminamos baratas, formigas, mosquitos e outros insetos com m\u00e9todos seguros e eficazes, garantindo um ambiente saud\u00e1vel para sua casa ou empresa.\" \/><figcaption class=\"elementor-image-carousel-caption\">Dedetiza\u00e7\u00e3o Eliminamos baratas, formigas, mosquitos e outros insetos com m\u00e9todos seguros e eficazes, garantindo um ambiente saud\u00e1vel para sua casa ou empresa.<\/figcaption><\/figure><\/div><div class=\"swiper-slide\" role=\"group\" aria-roledescription=\"slide\" aria-label=\"2 de 5\"><figure class=\"swiper-slide-inner\"><img decoding=\"async\" class=\"swiper-slide-image\" src=\"https:\/\/ddreisdedetizadora.com.br\/wp-content\/uploads\/2025\/06\/5-150x150.jpg\" alt=\"Limpeza de Caixa de \u00c1gua Realizamos limpeza e desinfec\u00e7\u00e3o de caixas d\u2019\u00e1gua para garantir \u00e1gua limpa e saud\u00e1vel, prevenindo contamina\u00e7\u00f5es e melhorando a qualidade de vida.\" \/><figcaption class=\"elementor-image-carousel-caption\">Limpeza de Caixa de \u00c1gua Realizamos limpeza e desinfec\u00e7\u00e3o de caixas d\u2019\u00e1gua para garantir \u00e1gua limpa e saud\u00e1vel, prevenindo contamina\u00e7\u00f5es e melhorando a qualidade de vida.<\/figcaption><\/figure><\/div><div class=\"swiper-slide\" role=\"group\" aria-roledescription=\"slide\" aria-label=\"3 de 5\"><figure class=\"swiper-slide-inner\"><img decoding=\"async\" class=\"swiper-slide-image\" src=\"https:\/\/ddreisdedetizadora.com.br\/wp-content\/uploads\/2025\/06\/Controle-de-Pombos-e-Morcegos-150x150.jpg\" alt=\"Manejo de Pombo e Morcego: Controlamos a presen\u00e7a de pombos e morcegos, minimizando riscos \u00e0 sa\u00fade e danos estruturais, respeitando as normas ambientais.\" \/><figcaption class=\"elementor-image-carousel-caption\">Manejo de Pombo e Morcego: Controlamos a presen\u00e7a de pombos e morcegos, minimizando riscos \u00e0 sa\u00fade e danos estruturais, respeitando as normas ambientais.<\/figcaption><\/figure><\/div><div class=\"swiper-slide\" role=\"group\" aria-roledescription=\"slide\" aria-label=\"4 de 5\"><figure class=\"swiper-slide-inner\"><img decoding=\"async\" class=\"swiper-slide-image\" src=\"https:\/\/ddreisdedetizadora.com.br\/wp-content\/uploads\/2025\/06\/Screenshot_1-150x150.png\" alt=\"Desratiza\u00e7\u00e3o: Combatemos ratos e camundongos com t\u00e9cnicas especializadas para proteger sua fam\u00edlia e seus bens, prevenindo danos e doen\u00e7as.\" \/><figcaption class=\"elementor-image-carousel-caption\">Desratiza\u00e7\u00e3o: Combatemos ratos e camundongos com t\u00e9cnicas especializadas para proteger sua fam\u00edlia e seus bens, prevenindo danos e doen\u00e7as.<\/figcaption><\/figure><\/div><div class=\"swiper-slide\" role=\"group\" aria-roledescription=\"slide\" aria-label=\"5 de 5\"><figure class=\"swiper-slide-inner\"><img decoding=\"async\" class=\"swiper-slide-image\" src=\"https:\/\/ddreisdedetizadora.com.br\/wp-content\/uploads\/2025\/06\/Screenshot_2-150x150.png\" alt=\"Descupiniza\u00e7\u00e3o: Tratamos infesta\u00e7\u00f5es de cupins para proteger a estrutura da sua propriedade, utilizando produtos seguros que garantem durabilidade e efici\u00eancia.\" \/><figcaption class=\"elementor-image-carousel-caption\">Descupiniza\u00e7\u00e3o: Tratamos infesta\u00e7\u00f5es de cupins para proteger a estrutura da sua propriedade, utilizando produtos seguros que garantem durabilidade e efici\u00eancia.<\/figcaption><\/figure><\/div>\t\t\t<\/div>\n\t\t\t\t\t\t\t\t\t\t\t\t<div class=\"elementor-swiper-button elementor-swiper-button-prev\" role=\"button\" tabindex=\"0\">\n\t\t\t\t\t\t<svg aria-hidden=\"true\" class=\"e-font-icon-svg e-eicon-chevron-left\" viewBox=\"0 0 1000 1000\" xmlns=\"http:\/\/www.w3.org\/2000\/svg\"><path d=\"M646 125C629 125 613 133 604 142L308 442C296 454 292 471 292 487 292 504 296 521 308 533L604 854C617 867 629 875 646 875 663 875 679 871 692 858 704 846 713 829 713 812 713 796 708 779 692 767L438 487 692 225C700 217 708 204 708 187 708 171 704 154 692 142 675 129 663 125 646 125Z\"><\/path><\/svg>\t\t\t\t\t<\/div>\n\t\t\t\t\t<div class=\"elementor-swiper-button elementor-swiper-button-next\" role=\"button\" tabindex=\"0\">\n\t\t\t\t\t\t<svg aria-hidden=\"true\" class=\"e-font-icon-svg e-eicon-chevron-right\" viewBox=\"0 0 1000 1000\" xmlns=\"http:\/\/www.w3.org\/2000\/svg\"><path d=\"M696 533C708 521 713 504 713 487 713 471 708 454 696 446L400 146C388 133 375 125 354 125 338 125 325 129 313 142 300 154 292 171 292 187 292 204 296 221 308 233L563 492 304 771C292 783 288 800 288 817 288 833 296 850 308 863 321 871 338 875 354 875 371 875 388 867 400 854L696 533Z\"><\/path><\/svg>\t\t\t\t\t<\/div>\n\t\t\t\t\n\t\t\t\t\t\t\t\t\t<div class=\"swiper-pagination\"><\/div>\n\t\t\t\t\t\t\t\t\t<\/div>\n\t\t\t\t\t\t<\/div>\n\t\t\t\t<\/div>\n\t\t\t\t\t<\/div>\n\t\t\t\t<\/div>\n\t\t\t\t<\/div>\n\t\t","protected":false},"excerpt":{"rendered":"<p>Dedetiza\u00e7\u00e3o e nossos servi\u00e7os: Na DDReis Dedetiza\u00e7\u00f5es, oferecemos solu\u00e7\u00f5es completas e seguras para o controle de pragas que amea\u00e7am a sa\u00fade e o conforto do seu ambiente. Com uma equipe especializada e produtos certificados, garantimos a elimina\u00e7\u00e3o eficaz de insetos, roedores e outras pragas urbanas, protegendo sua casa ou empresa com responsabilidade e qualidade. Nossa [&hellip;]<\/p>\n","protected":false},"author":1,"featured_media":0,"parent":0,"menu_order":0,"comment_status":"closed","ping_status":"closed","template":"elementor_header_footer","meta":{"footnotes":""},"class_list":["post-47","page","type-page","status-publish","hentry"],"amp_enabled":false,"_links":{"self":[{"href":"https:\/\/ddreisdedetizadora.com.br\/home\/wp-json\/wp\/v2\/pages\/47","targetHints":{"allow":["GET"]}}],"collection":[{"href":"https:\/\/ddreisdedetizadora.com.br\/home\/wp-json\/wp\/v2\/pages"}],"about":[{"href":"https:\/\/ddreisdedetizadora.com.br\/home\/wp-json\/wp\/v2\/types\/page"}],"author":[{"embeddable":true,"href":"https:\/\/ddreisdedetizadora.com.br\/home\/wp-json\/wp\/v2\/users\/1"}],"replies":[{"embeddable":true,"href":"https:\/\/ddreisdedetizadora.com.br\/home\/wp-json\/wp\/v2\/comments?post=47"}],"version-history":[{"count":22,"href":"https:\/\/ddreisdedetizadora.com.br\/home\/wp-json\/wp\/v2\/pages\/47\/revisions"}],"predecessor-version":[{"id":171,"href":"https:\/\/ddreisdedetizadora.com.br\/home\/wp-json\/wp\/v2\/pages\/47\/revisions\/171"}],"wp:attachment":[{"href":"https:\/\/ddreisdedetizadora.com.br\/home\/wp-json\/wp\/v2\/media?parent=47"}],"curies":[{"name":"wp","href":"https:\/\/api.w.org\/{rel}","templated":true}]}}